{"id":15,"date":"2025-08-15T11:12:19","date_gmt":"2025-08-15T11:12:19","guid":{"rendered":"https:\/\/domijaworowska.pl\/?page_id=15"},"modified":"2026-01-12T09:29:53","modified_gmt":"2026-01-12T09:29:53","slug":"joga-medytacja-nidra-yin-porcja-ciszy","status":"publish","type":"page","link":"https:\/\/domijaworowska.pl\/","title":{"rendered":"DOMINIKA JAWOROWSKA"},"content":{"rendered":"\n<p><\/p>\n\n\n\n<div class=\"wp-block-media-text has-media-on-the-right is-stacked-on-mobile\"><div class=\"wp-block-media-text__content\">\n<h2 class=\"wp-block-heading has-text-align-left has-large-font-size\">Cze\u015b\u0107!<br>Jestem Domi.<\/h2>\n\n\n\n<blockquote class=\"wp-block-quote is-layout-flow wp-block-quote-is-layout-flow\">\n<div class=\"wp-block-uagb-advanced-heading uagb-block-10347d6c\"><h2 class=\"uagb-heading-text\">Pomog\u0119 Ci ukoi\u0107 uk\u0142ad nerwowy, zrzuci\u0107 napi\u0119cia z cia\u0142a i wyciszy\u0107 umys\u0142. Wskakuj na ob\u0142oczek b\u0142ogostanu!<\/h2><\/div>\n\n\n\n<div class=\"wp-block-uagb-advanced-heading uagb-block-a4a4f27b\"><h2 class=\"uagb-heading-text\">Zapraszam na jog\u0119: nidr\u0119, yin, restoratywn\u0105, neuro i vinyas\u0119.<\/h2><\/div>\n<\/blockquote>\n<\/div><figure class=\"wp-block-media-text__media\"><img fetchpriority=\"high\" decoding=\"async\" width=\"683\" height=\"1024\" src=\"https:\/\/domijaworowska.pl\/wp-content\/uploads\/2025\/08\/IMG_2808-683x1024.jpg\" alt=\"yin, nidra, medytacja, porcja ciszy, wyciszenie\" class=\"wp-image-30 size-full\" srcset=\"https:\/\/domijaworowska.pl\/wp-content\/uploads\/2025\/08\/IMG_2808-683x1024.jpg 683w, https:\/\/domijaworowska.pl\/wp-content\/uploads\/2025\/08\/IMG_2808-200x300.jpg 200w, https:\/\/domijaworowska.pl\/wp-content\/uploads\/2025\/08\/IMG_2808-768x1152.jpg 768w, https:\/\/domijaworowska.pl\/wp-content\/uploads\/2025\/08\/IMG_2808-1024x1536.jpg 1024w, https:\/\/domijaworowska.pl\/wp-content\/uploads\/2025\/08\/IMG_2808-1365x2048.jpg 1365w, https:\/\/domijaworowska.pl\/wp-content\/uploads\/2025\/08\/IMG_2808-scaled.jpg 1707w\" sizes=\"(max-width: 683px) 100vw, 683px\" \/><\/figure><\/div>\n\n\n\n<div class=\"wp-block-group alignfull has-background-color is-layout-constrained wp-container-core-group-is-layout-5d2f8bdc wp-block-group-is-layout-constrained\" style=\"margin-top:0;margin-bottom:0;padding-top:var(--wp--preset--spacing--40);padding-right:var(--wp--preset--spacing--30);padding-bottom:var(--wp--preset--spacing--40);padding-left:var(--wp--preset--spacing--30)\">\n<div class=\"wp-block-group alignwide is-content-justification-space-between is-layout-flex wp-container-core-group-is-layout-b585a4aa wp-block-group-is-layout-flex\">\n<div class=\"wp-block-group is-layout-flex wp-block-group-is-layout-flex\"><nav class=\"has-small-font-size is-responsive items-justified-left wp-block-navigation is-content-justification-left is-layout-flex wp-container-core-navigation-is-layout-8eed085e wp-block-navigation-is-layout-flex\" aria-label=\"Navigation\" \n\t\t data-wp-interactive=\"core\/navigation\" data-wp-context='{\"overlayOpenedBy\":{\"click\":false,\"hover\":false,\"focus\":false},\"type\":\"overlay\",\"roleAttribute\":\"\",\"ariaLabel\":\"Menu\"}'><button aria-haspopup=\"dialog\" aria-label=\"Rozwi\u0144 menu\" class=\"wp-block-navigation__responsive-container-open\" \n\t\t\t\tdata-wp-on--click=\"actions.openMenuOnClick\"\n\t\t\t\tdata-wp-on--keydown=\"actions.handleMenuKeydown\"\n\t\t\t><svg width=\"24\" height=\"24\" xmlns=\"http:\/\/www.w3.org\/2000\/svg\" viewBox=\"0 0 24 24\" aria-hidden=\"true\" focusable=\"false\"><path d=\"M4 7.5h16v1.5H4z\"><\/path><path d=\"M4 15h16v1.5H4z\"><\/path><\/svg><\/button>\n\t\t\t\t<div class=\"wp-block-navigation__responsive-container\"  id=\"modal-1\" \n\t\t\t\tdata-wp-class--has-modal-open=\"state.isMenuOpen\"\n\t\t\t\tdata-wp-class--is-menu-open=\"state.isMenuOpen\"\n\t\t\t\tdata-wp-watch=\"callbacks.initMenu\"\n\t\t\t\tdata-wp-on--keydown=\"actions.handleMenuKeydown\"\n\t\t\t\tdata-wp-on--focusout=\"actions.handleMenuFocusout\"\n\t\t\t\ttabindex=\"-1\"\n\t\t\t>\n\t\t\t\t\t<div class=\"wp-block-navigation__responsive-close\" tabindex=\"-1\">\n\t\t\t\t\t\t<div class=\"wp-block-navigation__responsive-dialog\" \n\t\t\t\tdata-wp-bind--aria-modal=\"state.ariaModal\"\n\t\t\t\tdata-wp-bind--aria-label=\"state.ariaLabel\"\n\t\t\t\tdata-wp-bind--role=\"state.roleAttribute\"\n\t\t\t>\n\t\t\t\t\t\t\t<button aria-label=\"Zamknij menu\" class=\"wp-block-navigation__responsive-container-close\" \n\t\t\t\tdata-wp-on--click=\"actions.closeMenuOnClick\"\n\t\t\t><svg xmlns=\"http:\/\/www.w3.org\/2000\/svg\" viewBox=\"0 0 24 24\" width=\"24\" height=\"24\" aria-hidden=\"true\" focusable=\"false\"><path d=\"m13.06 12 6.47-6.47-1.06-1.06L12 10.94 5.53 4.47 4.47 5.53 10.94 12l-6.47 6.47 1.06 1.06L12 13.06l6.47 6.47 1.06-1.06L13.06 12Z\"><\/path><\/svg><\/button>\n\t\t\t\t\t\t\t<div class=\"wp-block-navigation__responsive-container-content\" \n\t\t\t\tdata-wp-watch=\"callbacks.focusFirstElement\"\n\t\t\t id=\"modal-1-content\">\n\t\t\t\t\t\t\t\t<ul class=\"wp-block-navigation__container has-small-font-size is-responsive items-justified-left wp-block-navigation has-small-font-size\"><li class=\"has-small-font-size wp-block-navigation-item wp-block-navigation-link\"><a class=\"wp-block-navigation-item__content\"  href=\"https:\/\/domijaworowska.pl\/index.php\/joga\/\"><span class=\"wp-block-navigation-item__label\">JOGA<\/span><\/a><\/li><\/ul><ul class=\"wp-block-navigation__container has-small-font-size is-responsive items-justified-left wp-block-navigation has-small-font-size\"><li class=\"has-small-font-size wp-block-navigation-item wp-block-navigation-link\"><a class=\"wp-block-navigation-item__content\"  href=\"https:\/\/domijaworowska.pl\/index.php\/kontakt\/\"><span class=\"wp-block-navigation-item__label\">KONTAKT<\/span><\/a><\/li><li class=\"has-small-font-size wp-block-navigation-item wp-block-navigation-link\"><a class=\"wp-block-navigation-item__content\"  href=\"https:\/\/domijaworowska.pl\/index.php\/polityka-prywatnosci\/\"><span class=\"wp-block-navigation-item__label\">Polityka Prywatno\u015bci i Pliki Cookies<\/span><\/a><\/li><li class=\"wp-block-navigation-item\">\n<ul class=\"wp-block-social-links has-icon-color is-style-logos-only is-layout-flex wp-block-social-links-is-layout-flex\"><li style=\"color:var(--ast-global-color-3);\" class=\"wp-social-link wp-social-link-instagram has-ast-global-color-3-color wp-block-social-link\"><a rel=\"noopener nofollow\" target=\"_blank\" href=\"https:\/\/www.instagram.com\/domijaworowska\/\" class=\"wp-block-social-link-anchor\"><svg width=\"24\" height=\"24\" viewBox=\"0 0 24 24\" version=\"1.1\" xmlns=\"http:\/\/www.w3.org\/2000\/svg\" aria-hidden=\"true\" focusable=\"false\"><path d=\"M12,4.622c2.403,0,2.688,0.009,3.637,0.052c0.877,0.04,1.354,0.187,1.671,0.31c0.42,0.163,0.72,0.358,1.035,0.673 c0.315,0.315,0.51,0.615,0.673,1.035c0.123,0.317,0.27,0.794,0.31,1.671c0.043,0.949,0.052,1.234,0.052,3.637 s-0.009,2.688-0.052,3.637c-0.04,0.877-0.187,1.354-0.31,1.671c-0.163,0.42-0.358,0.72-0.673,1.035 c-0.315,0.315-0.615,0.51-1.035,0.673c-0.317,0.123-0.794,0.27-1.671,0.31c-0.949,0.043-1.233,0.052-3.637,0.052 s-2.688-0.009-3.637-0.052c-0.877-0.04-1.354-0.187-1.671-0.31c-0.42-0.163-0.72-0.358-1.035-0.673 c-0.315-0.315-0.51-0.615-0.673-1.035c-0.123-0.317-0.27-0.794-0.31-1.671C4.631,14.688,4.622,14.403,4.622,12 s0.009-2.688,0.052-3.637c0.04-0.877,0.187-1.354,0.31-1.671c0.163-0.42,0.358-0.72,0.673-1.035 c0.315-0.315,0.615-0.51,1.035-0.673c0.317-0.123,0.794-0.27,1.671-0.31C9.312,4.631,9.597,4.622,12,4.622 M12,3 C9.556,3,9.249,3.01,8.289,3.054C7.331,3.098,6.677,3.25,6.105,3.472C5.513,3.702,5.011,4.01,4.511,4.511 c-0.5,0.5-0.808,1.002-1.038,1.594C3.25,6.677,3.098,7.331,3.054,8.289C3.01,9.249,3,9.556,3,12c0,2.444,0.01,2.751,0.054,3.711 c0.044,0.958,0.196,1.612,0.418,2.185c0.23,0.592,0.538,1.094,1.038,1.594c0.5,0.5,1.002,0.808,1.594,1.038 c0.572,0.222,1.227,0.375,2.185,0.418C9.249,20.99,9.556,21,12,21s2.751-0.01,3.711-0.054c0.958-0.044,1.612-0.196,2.185-0.418 c0.592-0.23,1.094-0.538,1.594-1.038c0.5-0.5,0.808-1.002,1.038-1.594c0.222-0.572,0.375-1.227,0.418-2.185 C20.99,14.751,21,14.444,21,12s-0.01-2.751-0.054-3.711c-0.044-0.958-0.196-1.612-0.418-2.185c-0.23-0.592-0.538-1.094-1.038-1.594 c-0.5-0.5-1.002-0.808-1.594-1.038c-0.572-0.222-1.227-0.375-2.185-0.418C14.751,3.01,14.444,3,12,3L12,3z M12,7.378 c-2.552,0-4.622,2.069-4.622,4.622S9.448,16.622,12,16.622s4.622-2.069,4.622-4.622S14.552,7.378,12,7.378z M12,15 c-1.657,0-3-1.343-3-3s1.343-3,3-3s3,1.343,3,3S13.657,15,12,15z M16.804,6.116c-0.596,0-1.08,0.484-1.08,1.08 s0.484,1.08,1.08,1.08c0.596,0,1.08-0.484,1.08-1.08S17.401,6.116,16.804,6.116z\"><\/path><\/svg><span class=\"wp-block-social-link-label screen-reader-text\">Instagram<\/span><\/a><\/li>\n\n<li style=\"color:var(--ast-global-color-3);\" class=\"wp-social-link wp-social-link-spotify has-ast-global-color-3-color wp-block-social-link\"><a rel=\"noopener nofollow\" target=\"_blank\" href=\"https:\/\/open.spotify.com\/show\/3lUWo8jBkawkU75HtUgAGa?si=58bc8be498464df6\" class=\"wp-block-social-link-anchor\"><svg width=\"24\" height=\"24\" viewBox=\"0 0 24 24\" version=\"1.1\" xmlns=\"http:\/\/www.w3.org\/2000\/svg\" aria-hidden=\"true\" focusable=\"false\"><path d=\"M12,2C6.477,2,2,6.477,2,12c0,5.523,4.477,10,10,10c5.523,0,10-4.477,10-10C22,6.477,17.523,2,12,2 M16.586,16.424 c-0.18,0.295-0.563,0.387-0.857,0.207c-2.348-1.435-5.304-1.76-8.785-0.964c-0.335,0.077-0.67-0.133-0.746-0.469 c-0.077-0.335,0.132-0.67,0.469-0.746c3.809-0.871,7.077-0.496,9.713,1.115C16.673,15.746,16.766,16.13,16.586,16.424 M17.81,13.7 c-0.226,0.367-0.706,0.482-1.072,0.257c-2.687-1.652-6.785-2.131-9.965-1.166C6.36,12.917,5.925,12.684,5.8,12.273 C5.675,11.86,5.908,11.425,6.32,11.3c3.632-1.102,8.147-0.568,11.234,1.328C17.92,12.854,18.035,13.335,17.81,13.7 M17.915,10.865 c-3.223-1.914-8.54-2.09-11.618-1.156C5.804,9.859,5.281,9.58,5.131,9.086C4.982,8.591,5.26,8.069,5.755,7.919 c3.532-1.072,9.404-0.865,13.115,1.338c0.445,0.264,0.59,0.838,0.327,1.282C18.933,10.983,18.359,11.129,17.915,10.865\"><\/path><\/svg><span class=\"wp-block-social-link-label screen-reader-text\">Spotify<\/span><\/a><\/li><\/ul>\n<\/li><li class=\"has-small-font-size wp-block-navigation-item fa-solid fa-mug-ho wp-block-navigation-link has-medium-font-size\"><a class=\"wp-block-navigation-item__content\"  href=\"https:\/\/buycoffee.to\/dominikajaworowska\" rel=\"\"><span class=\"wp-block-navigation-item__label\"><i class=\"fa-solid fa-mug-hot\"><\/i><\/span><\/a><\/li><\/ul>\n\t\t\t\t\t\t\t<\/div>\n\t\t\t\t\t\t<\/div>\n\t\t\t\t\t<\/div>\n\t\t\t\t<\/div><\/nav><\/div>\n\n\n\n<p class=\"has-small-font-size\">wskocz na ob\u0142oczek b\u0142ogostanu \u2601\ufe0f<\/p>\n<\/div>\n<\/div>\n\n\n\n<p><\/p>\n","protected":false},"excerpt":{"rendered":"<p>wskocz na ob\u0142oczek b\u0142ogostanu \u2601\ufe0f<\/p>\n","protected":false},"author":1,"featured_media":0,"parent":0,"menu_order":0,"comment_status":"closed","ping_status":"closed","template":"","meta":{"_uag_custom_page_level_css":"","site-sidebar-layout":"no-sidebar","site-content-layout":"plain-container","ast-site-content-layout":"default","site-content-style":"default","site-sidebar-style":"default","ast-global-header-display":"","ast-banner-title-visibility":"","ast-main-header-display":"","ast-hfb-above-header-display":"","ast-hfb-below-header-display":"","ast-hfb-mobile-header-display":"","site-post-title":"disabled","ast-breadcrumbs-content":"","ast-featured-img":"","footer-sml-layout":"","theme-transparent-header-meta":"disabled","adv-header-id-meta":"","stick-header-meta":"","header-above-stick-meta":"","header-main-stick-meta":"","header-below-stick-meta":"","astra-migrate-meta-layouts":"default","ast-page-background-enabled":"default","ast-page-background-meta":{"desktop":{"background-color":"var(--ast-global-color-5)","background-image":"","background-repeat":"repeat","background-position":"center center","background-size":"auto","background-attachment":"scroll","background-type":"","background-media":"","overlay-type":"","overlay-color":"","overlay-opacity":"","overlay-gradient":""},"tablet":{"background-color":"","background-image":"","background-repeat":"repeat","background-position":"center center","background-size":"auto","background-attachment":"scroll","background-type":"","background-media":"","overlay-type":"","overlay-color":"","overlay-opacity":"","overlay-gradient":""},"mobile":{"background-color":"","background-image":"","background-repeat":"repeat","background-position":"center center","background-size":"auto","background-attachment":"scroll","background-type":"","background-media":"","overlay-type":"","overlay-color":"","overlay-opacity":"","overlay-gradient":""}},"ast-content-background-meta":{"desktop":{"background-color":"var(--ast-global-color-4)","background-image":"","background-repeat":"repeat","background-position":"center center","background-size":"auto","background-attachment":"scroll","background-type":"","background-media":"","overlay-type":"","overlay-color":"","overlay-opacity":"","overlay-gradient":""},"tablet":{"background-color":"var(--ast-global-color-4)","background-image":"","background-repeat":"repeat","background-position":"center center","background-size":"auto","background-attachment":"scroll","background-type":"","background-media":"","overlay-type":"","overlay-color":"","overlay-opacity":"","overlay-gradient":""},"mobile":{"background-color":"var(--ast-global-color-4)","background-image":"","background-repeat":"repeat","background-position":"center center","background-size":"auto","background-attachment":"scroll","background-type":"","background-media":"","overlay-type":"","overlay-color":"","overlay-opacity":"","overlay-gradient":""}},"footnotes":""},"class_list":["post-15","page","type-page","status-publish","hentry"],"yoast_head":"<!-- This site is optimized with the Yoast SEO plugin v25.8 - https:\/\/yoast.com\/wordpress\/plugins\/seo\/ -->\n<title>DOMINIKA JAWOROWSKA - Dominika Jaworowska<\/title>\n<meta name=\"description\" content=\"Joga dla przebod\u017acowanych, zestresowanych i zm\u0119czonych. Pomog\u0119 Ci ukoi\u0107 uk\u0142ad nerwowy, zrzuci\u0107 napi\u0119cia i wyciszy\u0107 umys\u0142. Odetchnij!\" \/>\n<meta name=\"robots\" content=\"index, follow, max-snippet:-1, max-image-preview:large, max-video-preview:-1\" \/>\n<link rel=\"canonical\" href=\"https:\/\/domijaworowska.pl\/\" \/>\n<meta property=\"og:locale\" content=\"pl_PL\" \/>\n<meta property=\"og:type\" content=\"article\" \/>\n<meta property=\"og:title\" content=\"DOMINIKA JAWOROWSKA - Dominika Jaworowska\" \/>\n<meta property=\"og:description\" content=\"Joga dla przebod\u017acowanych, zestresowanych i zm\u0119czonych. Pomog\u0119 Ci ukoi\u0107 uk\u0142ad nerwowy, zrzuci\u0107 napi\u0119cia i wyciszy\u0107 umys\u0142. Odetchnij!\" \/>\n<meta property=\"og:url\" content=\"https:\/\/domijaworowska.pl\/\" \/>\n<meta property=\"og:site_name\" content=\"Dominika Jaworowska\" \/>\n<meta property=\"article:modified_time\" content=\"2026-01-12T09:29:53+00:00\" \/>\n<meta property=\"og:image\" content=\"https:\/\/domijaworowska.pl\/wp-content\/uploads\/2025\/08\/IMG_2808-scaled.jpg\" \/>\n\t<meta property=\"og:image:width\" content=\"1707\" \/>\n\t<meta property=\"og:image:height\" content=\"2560\" \/>\n\t<meta property=\"og:image:type\" content=\"image\/jpeg\" \/>\n<meta name=\"twitter:card\" content=\"summary_large_image\" \/>\n<meta name=\"twitter:label1\" content=\"Szacowany czas czytania\" \/>\n\t<meta name=\"twitter:data1\" content=\"1 minuta\" \/>\n<script type=\"application\/ld+json\" class=\"yoast-schema-graph\">{\"@context\":\"https:\/\/schema.org\",\"@graph\":[{\"@type\":\"WebPage\",\"@id\":\"https:\/\/domijaworowska.pl\/\",\"url\":\"https:\/\/domijaworowska.pl\/\",\"name\":\"DOMINIKA JAWOROWSKA - Dominika Jaworowska\",\"isPartOf\":{\"@id\":\"https:\/\/domijaworowska.pl\/#website\"},\"primaryImageOfPage\":{\"@id\":\"https:\/\/domijaworowska.pl\/#primaryimage\"},\"image\":{\"@id\":\"https:\/\/domijaworowska.pl\/#primaryimage\"},\"thumbnailUrl\":\"https:\/\/domijaworowska.pl\/wp-content\/uploads\/2025\/08\/IMG_2808-683x1024.jpg\",\"datePublished\":\"2025-08-15T11:12:19+00:00\",\"dateModified\":\"2026-01-12T09:29:53+00:00\",\"description\":\"Joga dla przebod\u017acowanych, zestresowanych i zm\u0119czonych. Pomog\u0119 Ci ukoi\u0107 uk\u0142ad nerwowy, zrzuci\u0107 napi\u0119cia i wyciszy\u0107 umys\u0142. Odetchnij!\",\"breadcrumb\":{\"@id\":\"https:\/\/domijaworowska.pl\/#breadcrumb\"},\"inLanguage\":\"pl-PL\",\"potentialAction\":[{\"@type\":\"ReadAction\",\"target\":[\"https:\/\/domijaworowska.pl\/\"]}]},{\"@type\":\"ImageObject\",\"inLanguage\":\"pl-PL\",\"@id\":\"https:\/\/domijaworowska.pl\/#primaryimage\",\"url\":\"https:\/\/domijaworowska.pl\/wp-content\/uploads\/2025\/08\/IMG_2808-scaled.jpg\",\"contentUrl\":\"https:\/\/domijaworowska.pl\/wp-content\/uploads\/2025\/08\/IMG_2808-scaled.jpg\",\"width\":1707,\"height\":2560},{\"@type\":\"BreadcrumbList\",\"@id\":\"https:\/\/domijaworowska.pl\/#breadcrumb\",\"itemListElement\":[{\"@type\":\"ListItem\",\"position\":1,\"name\":\"Strona g\u0142\u00f3wna\",\"item\":\"https:\/\/domijaworowska.pl\/\"},{\"@type\":\"ListItem\",\"position\":2,\"name\":\"DOMINIKA JAWOROWSKA\"}]},{\"@type\":\"WebSite\",\"@id\":\"https:\/\/domijaworowska.pl\/#website\",\"url\":\"https:\/\/domijaworowska.pl\/\",\"name\":\"Dominika Jaworowska\",\"description\":\"Dominika Jaworowska\",\"publisher\":{\"@id\":\"https:\/\/domijaworowska.pl\/#organization\"},\"potentialAction\":[{\"@type\":\"SearchAction\",\"target\":{\"@type\":\"EntryPoint\",\"urlTemplate\":\"https:\/\/domijaworowska.pl\/?s={search_term_string}\"},\"query-input\":{\"@type\":\"PropertyValueSpecification\",\"valueRequired\":true,\"valueName\":\"search_term_string\"}}],\"inLanguage\":\"pl-PL\"},{\"@type\":\"Organization\",\"@id\":\"https:\/\/domijaworowska.pl\/#organization\",\"name\":\"Dominika Jaworowska\",\"url\":\"https:\/\/domijaworowska.pl\/\",\"logo\":{\"@type\":\"ImageObject\",\"inLanguage\":\"pl-PL\",\"@id\":\"https:\/\/domijaworowska.pl\/#\/schema\/logo\/image\/\",\"url\":\"https:\/\/domijaworowska.pl\/wp-content\/uploads\/2025\/08\/cropped-IMG_2987-scaled-1.png\",\"contentUrl\":\"https:\/\/domijaworowska.pl\/wp-content\/uploads\/2025\/08\/cropped-IMG_2987-scaled-1.png\",\"width\":2207,\"height\":2309,\"caption\":\"Dominika Jaworowska\"},\"image\":{\"@id\":\"https:\/\/domijaworowska.pl\/#\/schema\/logo\/image\/\"}}]}<\/script>\n<!-- \/ Yoast SEO plugin. -->","yoast_head_json":{"title":"DOMINIKA JAWOROWSKA - Dominika Jaworowska","description":"Joga dla przebod\u017acowanych, zestresowanych i zm\u0119czonych. Pomog\u0119 Ci ukoi\u0107 uk\u0142ad nerwowy, zrzuci\u0107 napi\u0119cia i wyciszy\u0107 umys\u0142. Odetchnij!","robots":{"index":"index","follow":"follow","max-snippet":"max-snippet:-1","max-image-preview":"max-image-preview:large","max-video-preview":"max-video-preview:-1"},"canonical":"https:\/\/domijaworowska.pl\/","og_locale":"pl_PL","og_type":"article","og_title":"DOMINIKA JAWOROWSKA - Dominika Jaworowska","og_description":"Joga dla przebod\u017acowanych, zestresowanych i zm\u0119czonych. Pomog\u0119 Ci ukoi\u0107 uk\u0142ad nerwowy, zrzuci\u0107 napi\u0119cia i wyciszy\u0107 umys\u0142. Odetchnij!","og_url":"https:\/\/domijaworowska.pl\/","og_site_name":"Dominika Jaworowska","article_modified_time":"2026-01-12T09:29:53+00:00","og_image":[{"width":1707,"height":2560,"url":"https:\/\/domijaworowska.pl\/wp-content\/uploads\/2025\/08\/IMG_2808-scaled.jpg","type":"image\/jpeg"}],"twitter_card":"summary_large_image","twitter_misc":{"Szacowany czas czytania":"1 minuta"},"schema":{"@context":"https:\/\/schema.org","@graph":[{"@type":"WebPage","@id":"https:\/\/domijaworowska.pl\/","url":"https:\/\/domijaworowska.pl\/","name":"DOMINIKA JAWOROWSKA - Dominika Jaworowska","isPartOf":{"@id":"https:\/\/domijaworowska.pl\/#website"},"primaryImageOfPage":{"@id":"https:\/\/domijaworowska.pl\/#primaryimage"},"image":{"@id":"https:\/\/domijaworowska.pl\/#primaryimage"},"thumbnailUrl":"https:\/\/domijaworowska.pl\/wp-content\/uploads\/2025\/08\/IMG_2808-683x1024.jpg","datePublished":"2025-08-15T11:12:19+00:00","dateModified":"2026-01-12T09:29:53+00:00","description":"Joga dla przebod\u017acowanych, zestresowanych i zm\u0119czonych. Pomog\u0119 Ci ukoi\u0107 uk\u0142ad nerwowy, zrzuci\u0107 napi\u0119cia i wyciszy\u0107 umys\u0142. Odetchnij!","breadcrumb":{"@id":"https:\/\/domijaworowska.pl\/#breadcrumb"},"inLanguage":"pl-PL","potentialAction":[{"@type":"ReadAction","target":["https:\/\/domijaworowska.pl\/"]}]},{"@type":"ImageObject","inLanguage":"pl-PL","@id":"https:\/\/domijaworowska.pl\/#primaryimage","url":"https:\/\/domijaworowska.pl\/wp-content\/uploads\/2025\/08\/IMG_2808-scaled.jpg","contentUrl":"https:\/\/domijaworowska.pl\/wp-content\/uploads\/2025\/08\/IMG_2808-scaled.jpg","width":1707,"height":2560},{"@type":"BreadcrumbList","@id":"https:\/\/domijaworowska.pl\/#breadcrumb","itemListElement":[{"@type":"ListItem","position":1,"name":"Strona g\u0142\u00f3wna","item":"https:\/\/domijaworowska.pl\/"},{"@type":"ListItem","position":2,"name":"DOMINIKA JAWOROWSKA"}]},{"@type":"WebSite","@id":"https:\/\/domijaworowska.pl\/#website","url":"https:\/\/domijaworowska.pl\/","name":"Dominika Jaworowska","description":"Dominika Jaworowska","publisher":{"@id":"https:\/\/domijaworowska.pl\/#organization"},"potentialAction":[{"@type":"SearchAction","target":{"@type":"EntryPoint","urlTemplate":"https:\/\/domijaworowska.pl\/?s={search_term_string}"},"query-input":{"@type":"PropertyValueSpecification","valueRequired":true,"valueName":"search_term_string"}}],"inLanguage":"pl-PL"},{"@type":"Organization","@id":"https:\/\/domijaworowska.pl\/#organization","name":"Dominika Jaworowska","url":"https:\/\/domijaworowska.pl\/","logo":{"@type":"ImageObject","inLanguage":"pl-PL","@id":"https:\/\/domijaworowska.pl\/#\/schema\/logo\/image\/","url":"https:\/\/domijaworowska.pl\/wp-content\/uploads\/2025\/08\/cropped-IMG_2987-scaled-1.png","contentUrl":"https:\/\/domijaworowska.pl\/wp-content\/uploads\/2025\/08\/cropped-IMG_2987-scaled-1.png","width":2207,"height":2309,"caption":"Dominika Jaworowska"},"image":{"@id":"https:\/\/domijaworowska.pl\/#\/schema\/logo\/image\/"}}]}},"uagb_featured_image_src":{"full":false,"thumbnail":false,"medium":false,"medium_large":false,"large":false,"1536x1536":false,"2048x2048":false,"widget-thumbnail":false},"uagb_author_info":{"display_name":"admin","author_link":"https:\/\/domijaworowska.pl\/index.php\/author\/admin_e0eyf0en\/"},"uagb_comment_info":0,"uagb_excerpt":"wskocz na ob\u0142oczek b\u0142ogostanu \u2601\ufe0f","_links":{"self":[{"href":"https:\/\/domijaworowska.pl\/index.php\/wp-json\/wp\/v2\/pages\/15","targetHints":{"allow":["GET"]}}],"collection":[{"href":"https:\/\/domijaworowska.pl\/index.php\/wp-json\/wp\/v2\/pages"}],"about":[{"href":"https:\/\/domijaworowska.pl\/index.php\/wp-json\/wp\/v2\/types\/page"}],"author":[{"embeddable":true,"href":"https:\/\/domijaworowska.pl\/index.php\/wp-json\/wp\/v2\/users\/1"}],"replies":[{"embeddable":true,"href":"https:\/\/domijaworowska.pl\/index.php\/wp-json\/wp\/v2\/comments?post=15"}],"version-history":[{"count":27,"href":"https:\/\/domijaworowska.pl\/index.php\/wp-json\/wp\/v2\/pages\/15\/revisions"}],"predecessor-version":[{"id":510,"href":"https:\/\/domijaworowska.pl\/index.php\/wp-json\/wp\/v2\/pages\/15\/revisions\/510"}],"wp:attachment":[{"href":"https:\/\/domijaworowska.pl\/index.php\/wp-json\/wp\/v2\/media?parent=15"}],"curies":[{"name":"wp","href":"https:\/\/api.w.org\/{rel}","templated":true}]}}